{"id":704,"date":"2022-01-17T14:28:07","date_gmt":"2022-01-17T13:28:07","guid":{"rendered":"http:\/\/apenc51.fr\/?page_id=704"},"modified":"2026-01-16T08:28:03","modified_gmt":"2026-01-16T07:28:03","slug":"bienvenu-2","status":"publish","type":"page","link":"https:\/\/apenc51.fr\/","title":{"rendered":"Bienvenu!"},"content":{"rendered":"\n<p><strong>APENC51 \u2013 Association de Protection Esternay Nature Champagne<\/strong> est une association loi 1901 cr\u00e9\u00e9e en 2019, b\u00e9n\u00e9vole et apolitique, engag\u00e9e dans la pr\u00e9servation de l\u2019environnement et du cadre de vie.<br>Elle agit pour la protection des espaces naturels, du patrimoine b\u00e2ti et paysager, ainsi que de la biodiversit\u00e9, \u00e0 travers des actions de sensibilisation, d\u2019information et de d\u00e9fense de l\u2019int\u00e9r\u00eat g\u00e9n\u00e9ral sur le territoire Starnacien et plus largement Champenois.<\/p>\n\n\n\n<div class=\"wp-block-columns is-layout-flex wp-container-core-columns-is-layout-9d6595d7 wp-block-columns-is-layout-flex\">\n<div class=\"wp-block-column is-layout-flow wp-block-column-is-layout-flow\">\n<p class=\"has-medium-font-size\"><strong><a href=\"https:\/\/ecep51.fr\/?na=view&amp;id=33\" target=\"_blank\" rel=\"noreferrer noopener\">Nos v\u0153ux pour 2026<\/a><\/strong><\/p>\n<\/div>\n\n\n\n<div class=\"wp-block-column is-layout-flow wp-block-column-is-layout-flow\">\n<p class=\"has-medium-font-size\"><a href=\"https:\/\/apenc51.fr\/?page_id=114\" target=\"_blank\" rel=\"noreferrer noopener\"><strong>Adh\u00e9sion 2026-2027<\/strong><\/a><\/p>\n<\/div>\n\n\n\n<div class=\"wp-block-column is-layout-flow wp-block-column-is-layout-flow\">\n<p class=\"has-medium-font-size\"><a href=\"https:\/\/www.helloasso.com\/associations\/apenc51\/formulaires\/1\" target=\"_blank\" rel=\"noreferrer noopener\"><strong>Faire un don<\/strong><\/a><\/p>\n<\/div>\n<\/div>\n\n\n\n<div class=\"wp-block-columns is-layout-flex wp-container-core-columns-is-layout-9d6595d7 wp-block-columns-is-layout-flex\">\n<div class=\"wp-block-column is-layout-flow wp-block-column-is-layout-flow\">\n<figure class=\"wp-block-embed is-type-wp-embed is-provider-collectif-environnement-champenois-en-p-ril wp-block-embed-collectif-environnement-champenois-en-p-ril\"><div class=\"wp-block-embed__wrapper\">\n<blockquote class=\"wp-embedded-content\" data-secret=\"M5HVC74Uuj\"><a href=\"https:\/\/ecep51.fr\/operation-foret-propre\/\">Op\u00e9ration for\u00eat propre<\/a><\/blockquote><iframe loading=\"lazy\" class=\"wp-embedded-content\" sandbox=\"allow-scripts\" security=\"restricted\" style=\"position: absolute; visibility: hidden;\" title=\"\u00ab\u00a0Op\u00e9ration for\u00eat propre\u00a0\u00bb &#8212; Collectif Environnement Champenois En P\u00e9ril\" src=\"https:\/\/ecep51.fr\/operation-foret-propre\/embed\/#?secret=EzJ36kicgZ#?secret=M5HVC74Uuj\" data-secret=\"M5HVC74Uuj\" width=\"600\" height=\"338\" frameborder=\"0\" marginwidth=\"0\" marginheight=\"0\" scrolling=\"no\"><\/iframe>\n<\/div><\/figure>\n<\/div>\n\n\n\n<div class=\"wp-block-column is-layout-flow wp-block-column-is-layout-flow\">\n<figure class=\"wp-block-embed is-type-wp-embed is-provider-collectif-environnement-champenois-en-p-ril wp-block-embed-collectif-environnement-champenois-en-p-ril\"><div class=\"wp-block-embed__wrapper\">\n<blockquote class=\"wp-embedded-content\" data-secret=\"HqE0G8PJjm\"><a href=\"https:\/\/ecep51.fr\/operation-foret-propre-ii\/\">Op\u00e9ration for\u00eat propre II<\/a><\/blockquote><iframe loading=\"lazy\" class=\"wp-embedded-content\" sandbox=\"allow-scripts\" security=\"restricted\" style=\"position: absolute; visibility: hidden;\" title=\"\u00ab\u00a0Op\u00e9ration for\u00eat propre II\u00a0\u00bb &#8212; Collectif Environnement Champenois En P\u00e9ril\" src=\"https:\/\/ecep51.fr\/operation-foret-propre-ii\/embed\/#?secret=yOlQfPVrfm#?secret=HqE0G8PJjm\" data-secret=\"HqE0G8PJjm\" width=\"600\" height=\"338\" frameborder=\"0\" marginwidth=\"0\" marginheight=\"0\" scrolling=\"no\"><\/iframe>\n<\/div><\/figure>\n<\/div>\n<\/div>\n\n\n\n<div class=\"wp-block-group is-nowrap is-layout-flex wp-container-core-group-is-layout-ad2f72ca wp-block-group-is-layout-flex\">\n<p class=\"has-medium-font-size\"><a rel=\"noreferrer noopener\" href=\"https:\/\/ecep51.fr\/\" target=\"_blank\"><strong>Membre du Collectif ECEP51 o\u00f9 vous retrouverez nos derni\u00e8res informations.<\/strong><\/a><\/p>\n\n\n\n<figure class=\"wp-block-image size-large is-resized\"><a href=\"https:\/\/ecep51.fr\/\" target=\"_blank\" rel=\" noreferrer noopener\"><img loading=\"lazy\" decoding=\"async\" width=\"819\" height=\"1024\" src=\"https:\/\/apenc51.fr\/wp-content\/uploads\/2025\/03\/Logo-ECEP51-819x1024.jpg\" alt=\"\" class=\"wp-image-824\" style=\"width:129px;height:auto\" srcset=\"https:\/\/apenc51.fr\/wp-content\/uploads\/2025\/03\/Logo-ECEP51-819x1024.jpg 819w, https:\/\/apenc51.fr\/wp-content\/uploads\/2025\/03\/Logo-ECEP51-240x300.jpg 240w, https:\/\/apenc51.fr\/wp-content\/uploads\/2025\/03\/Logo-ECEP51-768x960.jpg 768w, https:\/\/apenc51.fr\/wp-content\/uploads\/2025\/03\/Logo-ECEP51.jpg 1181w\" sizes=\"auto, (max-width: 819px) 100vw, 819px\" \/><\/a><\/figure>\n<\/div>\n\n\n\n<p>APENC51 d\u00e9fend une transition \u00e9nerg\u00e9tique raisonn\u00e9e et s\u2019oppose aux projets d\u2019\u00e9olien industriel lorsqu\u2019ils portent atteinte aux paysages, \u00e0 la biodiversit\u00e9, au cadre de vie et \u00e0 l\u2019int\u00e9r\u00eat g\u00e9n\u00e9ral.<\/p>\n\n\n\n<div class=\"wp-block-columns is-layout-flex wp-container-core-columns-is-layout-9d6595d7 wp-block-columns-is-layout-flex\">\n<div class=\"wp-block-column is-layout-flow wp-block-column-is-layout-flow\">\n<figure data-wp-context=\"{&quot;imageId&quot;:&quot;69eb59d5788e2&quot;}\" data-wp-interactive=\"core\/image\" class=\"wp-block-image size-large wp-lightbox-container\"><img loading=\"lazy\" decoding=\"async\" width=\"1024\" height=\"727\" data-wp-class--hide=\"state.isContentHidden\" data-wp-class--show=\"state.isContentVisible\" data-wp-init=\"callbacks.setButtonStyles\" data-wp-on-async--click=\"actions.showLightbox\" data-wp-on-async--load=\"callbacks.setButtonStyles\" data-wp-on-async-window--resize=\"callbacks.setButtonStyles\" src=\"https:\/\/apenc51.fr\/wp-content\/uploads\/2025\/07\/avant-apres-carte-2024-1024x727.jpg\" alt=\"\" class=\"wp-image-844\" srcset=\"https:\/\/apenc51.fr\/wp-content\/uploads\/2025\/07\/avant-apres-carte-2024-1024x727.jpg 1024w, https:\/\/apenc51.fr\/wp-content\/uploads\/2025\/07\/avant-apres-carte-2024-300x213.jpg 300w, https:\/\/apenc51.fr\/wp-content\/uploads\/2025\/07\/avant-apres-carte-2024-768x545.jpg 768w, https:\/\/apenc51.fr\/wp-content\/uploads\/2025\/07\/avant-apres-carte-2024-1536x1090.jpg 1536w, https:\/\/apenc51.fr\/wp-content\/uploads\/2025\/07\/avant-apres-carte-2024-380x270.jpg 380w, https:\/\/apenc51.fr\/wp-content\/uploads\/2025\/07\/avant-apres-carte-2024.jpg 1637w\" sizes=\"auto, (max-width: 1024px) 100vw, 1024px\" \/><button\n\t\t\tclass=\"lightbox-trigger\"\n\t\t\ttype=\"button\"\n\t\t\taria-haspopup=\"dialog\"\n\t\t\taria-label=\"Agrandir\"\n\t\t\tdata-wp-init=\"callbacks.initTriggerButton\"\n\t\t\tdata-wp-on-async--click=\"actions.showLightbox\"\n\t\t\tdata-wp-style--right=\"state.imageButtonRight\"\n\t\t\tdata-wp-style--top=\"state.imageButtonTop\"\n\t\t>\n\t\t\t<svg xmlns=\"http:\/\/www.w3.org\/2000\/svg\" width=\"12\" height=\"12\" fill=\"none\" viewBox=\"0 0 12 12\">\n\t\t\t\t<path fill=\"#fff\" d=\"M2 0a2 2 0 0 0-2 2v2h1.5V2a.5.5 0 0 1 .5-.5h2V0H2Zm2 10.5H2a.5.5 0 0 1-.5-.5V8H0v2a2 2 0 0 0 2 2h2v-1.5ZM8 12v-1.5h2a.5.5 0 0 0 .5-.5V8H12v2a2 2 0 0 1-2 2H8Zm2-12a2 2 0 0 1 2 2v2h-1.5V2a.5.5 0 0 0-.5-.5H8V0h2Z\" \/>\n\t\t\t<\/svg>\n\t\t<\/button><\/figure>\n<\/div>\n\n\n\n<div class=\"wp-block-column is-layout-flow wp-block-column-is-layout-flow\">\n<figure data-wp-context=\"{&quot;imageId&quot;:&quot;69eb59d578e79&quot;}\" data-wp-interactive=\"core\/image\" class=\"wp-block-image size-large is-resized wp-lightbox-container\"><img loading=\"lazy\" decoding=\"async\" width=\"1024\" height=\"1024\" data-wp-class--hide=\"state.isContentHidden\" data-wp-class--show=\"state.isContentVisible\" data-wp-init=\"callbacks.setButtonStyles\" data-wp-on-async--click=\"actions.showLightbox\" data-wp-on-async--load=\"callbacks.setButtonStyles\" data-wp-on-async-window--resize=\"callbacks.setButtonStyles\" src=\"https:\/\/apenc51.fr\/wp-content\/uploads\/2025\/07\/eoliennes-Corroy-ok-Grand-1024x1024.jpg\" alt=\"\" class=\"wp-image-845\" style=\"width:289px;height:auto\" srcset=\"https:\/\/apenc51.fr\/wp-content\/uploads\/2025\/07\/eoliennes-Corroy-ok-Grand-1024x1024.jpg 1024w, https:\/\/apenc51.fr\/wp-content\/uploads\/2025\/07\/eoliennes-Corroy-ok-Grand-300x300.jpg 300w, https:\/\/apenc51.fr\/wp-content\/uploads\/2025\/07\/eoliennes-Corroy-ok-Grand-150x150.jpg 150w, https:\/\/apenc51.fr\/wp-content\/uploads\/2025\/07\/eoliennes-Corroy-ok-Grand-768x768.jpg 768w, https:\/\/apenc51.fr\/wp-content\/uploads\/2025\/07\/eoliennes-Corroy-ok-Grand-360x360.jpg 360w, https:\/\/apenc51.fr\/wp-content\/uploads\/2025\/07\/eoliennes-Corroy-ok-Grand.jpg 1080w\" sizes=\"auto, (max-width: 1024px) 100vw, 1024px\" \/><button\n\t\t\tclass=\"lightbox-trigger\"\n\t\t\ttype=\"button\"\n\t\t\taria-haspopup=\"dialog\"\n\t\t\taria-label=\"Agrandir\"\n\t\t\tdata-wp-init=\"callbacks.initTriggerButton\"\n\t\t\tdata-wp-on-async--click=\"actions.showLightbox\"\n\t\t\tdata-wp-style--right=\"state.imageButtonRight\"\n\t\t\tdata-wp-style--top=\"state.imageButtonTop\"\n\t\t>\n\t\t\t<svg xmlns=\"http:\/\/www.w3.org\/2000\/svg\" width=\"12\" height=\"12\" fill=\"none\" viewBox=\"0 0 12 12\">\n\t\t\t\t<path fill=\"#fff\" d=\"M2 0a2 2 0 0 0-2 2v2h1.5V2a.5.5 0 0 1 .5-.5h2V0H2Zm2 10.5H2a.5.5 0 0 1-.5-.5V8H0v2a2 2 0 0 0 2 2h2v-1.5ZM8 12v-1.5h2a.5.5 0 0 0 .5-.5V8H12v2a2 2 0 0 1-2 2H8Zm2-12a2 2 0 0 1 2 2v2h-1.5V2a.5.5 0 0 0-.5-.5H8V0h2Z\" \/>\n\t\t\t<\/svg>\n\t\t<\/button><\/figure>\n<\/div>\n<\/div>\n\n\n\n<figure data-wp-context=\"{&quot;imageId&quot;:&quot;69eb59d579317&quot;}\" data-wp-interactive=\"core\/image\" class=\"wp-block-image size-large wp-lightbox-container\"><img loading=\"lazy\" decoding=\"async\" width=\"1024\" height=\"819\" data-wp-class--hide=\"state.isContentHidden\" data-wp-class--show=\"state.isContentVisible\" data-wp-init=\"callbacks.setButtonStyles\" data-wp-on-async--click=\"actions.showLightbox\" data-wp-on-async--load=\"callbacks.setButtonStyles\" data-wp-on-async-window--resize=\"callbacks.setButtonStyles\" src=\"https:\/\/apenc51.fr\/wp-content\/uploads\/2025\/03\/Red-Colorful-Fruits-Mood-Boards-Photo-Collage-1024x819.png\" alt=\"\" class=\"wp-image-813\" srcset=\"https:\/\/apenc51.fr\/wp-content\/uploads\/2025\/03\/Red-Colorful-Fruits-Mood-Boards-Photo-Collage-1024x819.png 1024w, https:\/\/apenc51.fr\/wp-content\/uploads\/2025\/03\/Red-Colorful-Fruits-Mood-Boards-Photo-Collage-300x240.png 300w, https:\/\/apenc51.fr\/wp-content\/uploads\/2025\/03\/Red-Colorful-Fruits-Mood-Boards-Photo-Collage-768x614.png 768w, https:\/\/apenc51.fr\/wp-content\/uploads\/2025\/03\/Red-Colorful-Fruits-Mood-Boards-Photo-Collage-1536x1229.png 1536w, https:\/\/apenc51.fr\/wp-content\/uploads\/2025\/03\/Red-Colorful-Fruits-Mood-Boards-Photo-Collage.png 2000w\" sizes=\"auto, (max-width: 1024px) 100vw, 1024px\" \/><button\n\t\t\tclass=\"lightbox-trigger\"\n\t\t\ttype=\"button\"\n\t\t\taria-haspopup=\"dialog\"\n\t\t\taria-label=\"Agrandir\"\n\t\t\tdata-wp-init=\"callbacks.initTriggerButton\"\n\t\t\tdata-wp-on-async--click=\"actions.showLightbox\"\n\t\t\tdata-wp-style--right=\"state.imageButtonRight\"\n\t\t\tdata-wp-style--top=\"state.imageButtonTop\"\n\t\t>\n\t\t\t<svg xmlns=\"http:\/\/www.w3.org\/2000\/svg\" width=\"12\" height=\"12\" fill=\"none\" viewBox=\"0 0 12 12\">\n\t\t\t\t<path fill=\"#fff\" d=\"M2 0a2 2 0 0 0-2 2v2h1.5V2a.5.5 0 0 1 .5-.5h2V0H2Zm2 10.5H2a.5.5 0 0 1-.5-.5V8H0v2a2 2 0 0 0 2 2h2v-1.5ZM8 12v-1.5h2a.5.5 0 0 0 .5-.5V8H12v2a2 2 0 0 1-2 2H8Zm2-12a2 2 0 0 1 2 2v2h-1.5V2a.5.5 0 0 0-.5-.5H8V0h2Z\" \/>\n\t\t\t<\/svg>\n\t\t<\/button><\/figure>\n\n\n\n<div data-wp-interactive=\"core\/file\" class=\"wp-block-file\"><object data-wp-bind--hidden=\"!state.hasPdfPreview\" hidden class=\"wp-block-file__embed\" data=\"https:\/\/apenc51.fr\/wp-content\/uploads\/2025\/03\/APENC51-Statuts-2024.pdf\" type=\"application\/pdf\" style=\"width:100%;height:600px\" aria-label=\"Contenu embarqu\u00e9 APENC51 Statuts 2024.\"><\/object><a id=\"wp-block-file--media-2e800d73-bf04-43e9-ac10-a1385fc9c609\" href=\"https:\/\/apenc51.fr\/wp-content\/uploads\/2025\/03\/APENC51-Statuts-2024.pdf\">APENC51 Statuts 2024<\/a><a href=\"https:\/\/apenc51.fr\/wp-content\/uploads\/2025\/03\/APENC51-Statuts-2024.pdf\" class=\"wp-block-file__button wp-element-button\" download aria-describedby=\"wp-block-file--media-2e800d73-bf04-43e9-ac10-a1385fc9c609\">T\u00e9l\u00e9charger<\/a><\/div>\n\n\n\n<p><\/p>\n","protected":false},"excerpt":{"rendered":"<p>APENC51 \u2013 Association de Protection Esternay Nature Champagne est une association loi 1901 cr\u00e9\u00e9e en 2019, b\u00e9n\u00e9vole et apolitique, engag\u00e9e dans la pr\u00e9servation de l\u2019environnement et du cadre de vie.Elle agit pour la protection des espaces naturels, du patrimoine b\u00e2ti et paysager, ainsi que de la biodiversit\u00e9, \u00e0 travers des actions de sensibilisation, d\u2019information et [&hellip;]<\/p>\n","protected":false},"author":1,"featured_media":0,"parent":0,"menu_order":0,"comment_status":"closed","ping_status":"closed","template":"","meta":{"ngg_post_thumbnail":0,"footnotes":""},"class_list":["post-704","page","type-page","status-publish","hentry"],"_links":{"self":[{"href":"https:\/\/apenc51.fr\/index.php?rest_route=\/wp\/v2\/pages\/704","targetHints":{"allow":["GET"]}}],"collection":[{"href":"https:\/\/apenc51.fr\/index.php?rest_route=\/wp\/v2\/pages"}],"about":[{"href":"https:\/\/apenc51.fr\/index.php?rest_route=\/wp\/v2\/types\/page"}],"author":[{"embeddable":true,"href":"https:\/\/apenc51.fr\/index.php?rest_route=\/wp\/v2\/users\/1"}],"replies":[{"embeddable":true,"href":"https:\/\/apenc51.fr\/index.php?rest_route=%2Fwp%2Fv2%2Fcomments&post=704"}],"version-history":[{"count":36,"href":"https:\/\/apenc51.fr\/index.php?rest_route=\/wp\/v2\/pages\/704\/revisions"}],"predecessor-version":[{"id":872,"href":"https:\/\/apenc51.fr\/index.php?rest_route=\/wp\/v2\/pages\/704\/revisions\/872"}],"wp:attachment":[{"href":"https:\/\/apenc51.fr\/index.php?rest_route=%2Fwp%2Fv2%2Fmedia&parent=704"}],"curies":[{"name":"wp","href":"https:\/\/api.w.org\/{rel}","templated":true}]}}