{"id":98,"date":"2019-11-25T16:19:20","date_gmt":"2019-11-25T15:19:20","guid":{"rendered":"http:\/\/apenc51.fr\/?page_id=98"},"modified":"2019-11-25T16:23:57","modified_gmt":"2019-11-25T15:23:57","slug":"objet-de-lassociation","status":"publish","type":"page","link":"https:\/\/apenc51.fr\/?page_id=98","title":{"rendered":"Objet de l&rsquo;association"},"content":{"rendered":"\n<p>La  protection de l\u2019environnement et de ses \u00e9quilibres fondamentaux  notamment   les espaces naturels, les esp\u00e8ces v\u00e9g\u00e9tales et animales,  l\u2019air, l\u2019eau, le sol,   les paysages, le patrimoine culturel et le cadre  de vie.        <\/p>\n\n\n\n<p>De sensibiliser et de   rassembler les habitants sur les  enjeux \u00e9cologiques.   De s\u2019associer aux   associations, poursuivant les  m\u00eames buts, pour promouvoir la prise de conscience   sur les questions  d\u2019\u00e9cologie et de sant\u00e9 publique.   <\/p>\n\n\n\n<p>De veiller \u00e0   l\u2019am\u00e9nagement  harmonieux et \u00e9quilibr\u00e9 du territoire et de l\u2019urbanisme.(article L. 110-1 du code de l&rsquo;environnement, article L. 110 du code  de   l\u2019urbanisme, Convention europ\u00e9enne du paysage).   <\/p>\n\n\n\n<p>De promouvoir la    d\u00e9couverte, l\u2019acc\u00e8s et la connaissance de la Nature.   <\/p>\n\n\n\n<p>La lutte contre  toute   les formes de pollution et de nuisances notamment par des  installations,   v\u00e9hicules, ouvrages et am\u00e9nagements publics ou priv\u00e9s  susceptibles de   concerner le cadre de vie, la biosph\u00e8re ou d\u2019ob\u00e9rer la  valeur du patrimoine des habitants, et en consid\u00e9rant leurs impacts  sur la sant\u00e9 humaine.   De soutenir les projets et les r\u00e9alisations  entreprises en faveur de la protection de l\u2019environnement et du cadre  de vie de ses habitants.   <\/p>\n\n\n\n<p>Les moyens d\u2019action de l\u2019association  sont tous ceux autoris\u00e9s par la loi et qui permettent de concourir \u00e0  la r\u00e9alisation de l\u2019objet de l\u2019association,  notamment : <\/p>\n\n\n\n<p>Action locale de terrain (d\u00e9pollution, r\u00e9habilitation\u2026).<\/p>\n\n\n\n<p>Action p\u00e9dagogique et formation (connaissance de la biosph\u00e8re, \u00e9changes avec des professionnels).<br>    La sensibilisation du public aux caract\u00e9ristiques \u00e9cologiques et patrimoniales des communes de Neuvy-Courgivaux et de leur communes avoisinantes par des r\u00e9unions et des campagnes publiques, la publication  de   bulletins d\u2019information, la d\u00e9couverte des milieux naturels, la participation aux actions publiques en mati\u00e8re d\u2019environnement.<br>Publication et r\u00e9seaux sociaux.<br>    <\/p>\n\n\n\n<p>Les plaintes, les actions en justice, la constitution de partie  civile.   \u00a73 Elle exerce son   action sur le territoire de  Neuvy-Courgivaux (51) et leurs communes   avoisinantes <em>(Esternay, Joiselle,   Champguyon, Villeneuve la Lionne, R\u00e9veillon, St Martin du Boschet, Montceaux   les Provins, Escardes, Bouchy St Genest, Les Essarts le Vicomte, La   Forestiere, Nesle la Reposte, Sancy les Provins, Morsains, Tr\u00e9fols, Le   V\u00e9zier).<\/em>    Elle exerce \u00e9galement   son action \u00e0 l\u2019\u00e9gard de tout fait et  notamment de fait de pollution, qui bien   que n\u00e9 en dehors de sa  comp\u00e9tence g\u00e9ographique, serait de nature \u00e0 porter   atteinte \u00e0  l\u2019environnement de la zone pr\u00e9cit\u00e9e.   <\/p>\n\n\n\n<p>Ses actions sont   empreintes  d\u2019un esprit de stricte neutralit\u00e9 vis-\u00e0-vis des formations   politiques  ou confessionnelles.    <\/p>\n","protected":false},"excerpt":{"rendered":"<p>La protection de l\u2019environnement et de ses \u00e9quilibres fondamentaux notamment les espaces naturels, les esp\u00e8ces v\u00e9g\u00e9tales et animales, l\u2019air, l\u2019eau, le sol, les paysages, le patrimoine culturel et le cadre de vie. De sensibiliser et de rassembler les habitants sur les enjeux \u00e9cologiques. De s\u2019associer aux associations, poursuivant les m\u00eames buts, pour promouvoir la prise [&hellip;]<\/p>\n","protected":false},"author":1,"featured_media":0,"parent":0,"menu_order":0,"comment_status":"closed","ping_status":"closed","template":"","meta":{"ngg_post_thumbnail":0,"footnotes":""},"class_list":["post-98","page","type-page","status-publish","hentry"],"_links":{"self":[{"href":"https:\/\/apenc51.fr\/index.php?rest_route=\/wp\/v2\/pages\/98","targetHints":{"allow":["GET"]}}],"collection":[{"href":"https:\/\/apenc51.fr\/index.php?rest_route=\/wp\/v2\/pages"}],"about":[{"href":"https:\/\/apenc51.fr\/index.php?rest_route=\/wp\/v2\/types\/page"}],"author":[{"embeddable":true,"href":"https:\/\/apenc51.fr\/index.php?rest_route=\/wp\/v2\/users\/1"}],"replies":[{"embeddable":true,"href":"https:\/\/apenc51.fr\/index.php?rest_route=%2Fwp%2Fv2%2Fcomments&post=98"}],"version-history":[{"count":3,"href":"https:\/\/apenc51.fr\/index.php?rest_route=\/wp\/v2\/pages\/98\/revisions"}],"predecessor-version":[{"id":104,"href":"https:\/\/apenc51.fr\/index.php?rest_route=\/wp\/v2\/pages\/98\/revisions\/104"}],"wp:attachment":[{"href":"https:\/\/apenc51.fr\/index.php?rest_route=%2Fwp%2Fv2%2Fmedia&parent=98"}],"curies":[{"name":"wp","href":"https:\/\/api.w.org\/{rel}","templated":true}]}}